{"id":35,"date":"2024-04-18T21:49:10","date_gmt":"2024-04-19T00:49:10","guid":{"rendered":"https:\/\/oldnewbox.com\/?page_id=35"},"modified":"2025-06-19T10:53:59","modified_gmt":"2025-06-19T13:53:59","slug":"apoie","status":"publish","type":"page","link":"https:\/\/oldnewbox.com\/en\/apoie\/","title":{"rendered":"Support"},"content":{"rendered":"<div data-elementor-type=\"wp-page\" data-elementor-id=\"35\" class=\"elementor elementor-35\" data-elementor-post-type=\"page\">\n\t\t\t\t\t\t<section class=\"elementor-section elementor-top-section elementor-element elementor-element-56ea620 elementor-section-boxed elementor-section-height-default elementor-section-height-default\" data-id=\"56ea620\" data-element_type=\"section\" data-e-type=\"section\">\n\t\t\t\t\t\t<div class=\"elementor-container elementor-column-gap-default\">\n\t\t\t\t\t<div class=\"elementor-column elementor-col-100 elementor-top-column elementor-element elementor-element-b5cb4c5\" data-id=\"b5cb4c5\" data-element_type=\"column\" data-e-type=\"column\">\n\t\t\t<div class=\"elementor-widget-wrap elementor-element-populated\">\n\t\t\t\t\t\t<div class=\"elementor-element elementor-element-eb185e6 elementor-widget elementor-widget-image\" data-id=\"eb185e6\" data-element_type=\"widget\" data-e-type=\"widget\" data-widget_type=\"image.default\">\n\t\t\t\t<div class=\"elementor-widget-container\">\n\t\t\t\t\t\t\t\t\t\t\t\t\t\t\t<img fetchpriority=\"high\" decoding=\"async\" data-attachment-id=\"1922\" data-permalink=\"https:\/\/oldnewbox.com\/en\/apoie\/apoie_150dpi\/\" data-orig-file=\"https:\/\/i0.wp.com\/oldnewbox.com\/wp-content\/uploads\/2025\/05\/Apoie_150dpi.png?fit=2375%2C557&amp;ssl=1\" data-orig-size=\"2375,557\" data-comments-opened=\"1\" data-image-meta=\"{&quot;aperture&quot;:&quot;0&quot;,&quot;credit&quot;:&quot;&quot;,&quot;camera&quot;:&quot;&quot;,&quot;caption&quot;:&quot;&quot;,&quot;created_timestamp&quot;:&quot;0&quot;,&quot;copyright&quot;:&quot;&quot;,&quot;focal_length&quot;:&quot;0&quot;,&quot;iso&quot;:&quot;0&quot;,&quot;shutter_speed&quot;:&quot;0&quot;,&quot;title&quot;:&quot;&quot;,&quot;orientation&quot;:&quot;0&quot;}\" data-image-title=\"Apoie_150dpi\" data-image-description=\"\" data-image-caption=\"\" data-large-file=\"https:\/\/i0.wp.com\/oldnewbox.com\/wp-content\/uploads\/2025\/05\/Apoie_150dpi.png?fit=800%2C188&amp;ssl=1\" width=\"2375\" height=\"557\" src=\"https:\/\/oldnewbox.com\/wp-content\/uploads\/2025\/07\/Apoie__150dpi_EN.png\" class=\"attachment-full size-full wp-image-1922\" alt=\"\" srcset=\"https:\/\/i0.wp.com\/oldnewbox.com\/wp-content\/uploads\/2025\/07\/Apoie__150dpi_EN.png?w=2375&ssl=1 2375w, https:\/\/i0.wp.com\/oldnewbox.com\/wp-content\/uploads\/2025\/07\/Apoie__150dpi_EN.png?resize=300%2C70&ssl=1 300w, https:\/\/i0.wp.com\/oldnewbox.com\/wp-content\/uploads\/2025\/07\/Apoie__150dpi_EN.png?resize=1024%2C240&ssl=1 1024w, https:\/\/i0.wp.com\/oldnewbox.com\/wp-content\/uploads\/2025\/07\/Apoie__150dpi_EN.png?resize=768%2C180&ssl=1 768w, https:\/\/i0.wp.com\/oldnewbox.com\/wp-content\/uploads\/2025\/07\/Apoie__150dpi_EN.png?resize=1536%2C360&ssl=1 1536w, https:\/\/i0.wp.com\/oldnewbox.com\/wp-content\/uploads\/2025\/07\/Apoie__150dpi_EN.png?resize=2048%2C480&ssl=1 2048w, https:\/\/i0.wp.com\/oldnewbox.com\/wp-content\/uploads\/2025\/07\/Apoie__150dpi_EN.png?resize=18%2C4&ssl=1 18w, https:\/\/i0.wp.com\/oldnewbox.com\/wp-content\/uploads\/2025\/07\/Apoie__150dpi_EN.png?w=1600&ssl=1 1600w\" sizes=\"(max-width: 800px) 100vw, 800px\" \/>\t\t\t\t\t\t\t\t\t\t\t\t\t\t\t<\/div>\n\t\t\t\t<\/div>\n\t\t\t\t\t<\/div>\n\t\t<\/div>\n\t\t\t\t\t<\/div>\n\t\t<\/section>\n\t\t\t\t<section class=\"elementor-section elementor-top-section elementor-element elementor-element-ad37ab8 elementor-section-boxed elementor-section-height-default elementor-section-height-default\" data-id=\"ad37ab8\" data-element_type=\"section\" data-e-type=\"section\">\n\t\t\t\t\t\t<div class=\"elementor-container elementor-column-gap-default\">\n\t\t\t\t\t<div class=\"elementor-column elementor-col-100 elementor-top-column elementor-element elementor-element-8e2aba1\" data-id=\"8e2aba1\" data-element_type=\"column\" data-e-type=\"column\" data-settings=\"{&quot;background_background&quot;:&quot;classic&quot;}\">\n\t\t\t<div class=\"elementor-widget-wrap elementor-element-populated\">\n\t\t\t\t\t\t<div class=\"elementor-element elementor-element-abe8deb elementor-widget elementor-widget-text-editor\" data-id=\"abe8deb\" data-element_type=\"widget\" data-e-type=\"widget\" data-widget_type=\"text-editor.default\">\n\t\t\t\t<div class=\"elementor-widget-container\">\n\t\t\t\t\t\t\t\t\t<p>This project makes all of its main content available for free, so that as many people interested in the topic as possible can have access.<\/p>\t\t\t\t\t\t\t\t<\/div>\n\t\t\t\t<\/div>\n\t\t\t\t<div class=\"elementor-element elementor-element-ce68c42 elementor-widget-divider--view-line elementor-widget elementor-widget-divider\" data-id=\"ce68c42\" data-element_type=\"widget\" data-e-type=\"widget\" data-widget_type=\"divider.default\">\n\t\t\t\t<div class=\"elementor-widget-container\">\n\t\t\t\t\t\t\t<div class=\"elementor-divider\">\n\t\t\t<span class=\"elementor-divider-separator\">\n\t\t\t\t\t\t<\/span>\n\t\t<\/div>\n\t\t\t\t\t\t<\/div>\n\t\t\t\t<\/div>\n\t\t\t\t<div class=\"elementor-element elementor-element-ef0205d elementor-widget elementor-widget-text-editor\" data-id=\"ef0205d\" data-element_type=\"widget\" data-e-type=\"widget\" data-widget_type=\"text-editor.default\">\n\t\t\t\t<div class=\"elementor-widget-container\">\n\t\t\t\t\t\t\t\t\t<p class=\"translation-block\">However, developing this project comes with certain production costs. By supporting us through crowdfunding platforms, you can help sustain our work and also receive <span style=\"text-decoration: underline\">exclusive content<\/span>, such as:<\/p><ol><li class=\"translation-block\">Access to our <span style=\"text-decoration: underline\">newsletter<\/span>.<\/li><li class=\"translation-block\"><span style=\"text-decoration: underline\">Early access<\/span> to illustrations and articles.<\/li><li class=\"translation-block\">Exclusive behind-the-scenes content, including  <span style=\"text-decoration: underline\">sketches<\/span> and <span style=\"text-decoration: underline\">creative processes<\/span>.<\/li><\/ol>\t\t\t\t\t\t\t\t<\/div>\n\t\t\t\t<\/div>\n\t\t\t\t\t<\/div>\n\t\t<\/div>\n\t\t\t\t\t<\/div>\n\t\t<\/section>\n\t\t\t\t<section class=\"elementor-section elementor-top-section elementor-element elementor-element-9827995 elementor-section-boxed elementor-section-height-default elementor-section-height-default\" data-id=\"9827995\" data-element_type=\"section\" data-e-type=\"section\" data-settings=\"{&quot;background_background&quot;:&quot;classic&quot;}\">\n\t\t\t\t\t\t<div class=\"elementor-container elementor-column-gap-default\">\n\t\t\t\t\t<div class=\"elementor-column elementor-col-33 elementor-top-column elementor-element elementor-element-3eed844\" data-id=\"3eed844\" data-element_type=\"column\" data-e-type=\"column\" data-settings=\"{&quot;background_background&quot;:&quot;classic&quot;}\">\n\t\t\t<div class=\"elementor-widget-wrap elementor-element-populated\">\n\t\t\t\t\t\t<div class=\"elementor-element elementor-element-2d5927d elementor-widget elementor-widget-image\" data-id=\"2d5927d\" data-element_type=\"widget\" data-e-type=\"widget\" data-widget_type=\"image.default\">\n\t\t\t\t<div class=\"elementor-widget-container\">\n\t\t\t\t\t\t\t\t\t\t\t\t\t\t\t<img data-recalc-dims=\"1\" decoding=\"async\" src=\"https:\/\/i0.wp.com\/oldnewbox.com\/wp-content\/uploads\/elementor\/thumbs\/Apoia.se_RGB-r5zrne17rypr01fg349e5nt3fo8p0ugalhomymawxi.png?w=800&#038;ssl=1\" title=\"Support.se_RGB\" alt=\"Apoia.se_RGB\" loading=\"lazy\" \/>\t\t\t\t\t\t\t\t\t\t\t\t\t\t\t<\/div>\n\t\t\t\t<\/div>\n\t\t\t\t<div class=\"elementor-element elementor-element-8a18164 elementor-align-left elementor-mobile-align-center elementor-widget elementor-widget-button\" data-id=\"8a18164\" data-element_type=\"widget\" data-e-type=\"widget\" data-widget_type=\"button.default\">\n\t\t\t\t<div class=\"elementor-widget-container\">\n\t\t\t\t\t\t\t\t\t<div class=\"elementor-button-wrapper\">\n\t\t\t\t\t<a class=\"elementor-button elementor-button-link elementor-size-sm\" href=\"https:\/\/apoia.se\/oldnewbox\" target=\"_blank\">\n\t\t\t\t\t\t<span class=\"elementor-button-content-wrapper\">\n\t\t\t\t\t\t\t\t\t<span class=\"elementor-button-text\">Support in R$ (Real)<\/span>\n\t\t\t\t\t<\/span>\n\t\t\t\t\t<\/a>\n\t\t\t\t<\/div>\n\t\t\t\t\t\t\t\t<\/div>\n\t\t\t\t<\/div>\n\t\t\t\t\t<\/div>\n\t\t<\/div>\n\t\t\t\t<div class=\"elementor-column elementor-col-66 elementor-top-column elementor-element elementor-element-cd2ab00\" data-id=\"cd2ab00\" data-element_type=\"column\" data-e-type=\"column\" data-settings=\"{&quot;background_background&quot;:&quot;classic&quot;}\">\n\t\t\t<div class=\"elementor-widget-wrap elementor-element-populated\">\n\t\t\t\t\t\t<div class=\"elementor-element elementor-element-ca9c92b elementor-widget elementor-widget-image\" data-id=\"ca9c92b\" data-element_type=\"widget\" data-e-type=\"widget\" data-widget_type=\"image.default\">\n\t\t\t\t<div class=\"elementor-widget-container\">\n\t\t\t\t\t\t\t\t\t\t\t\t\t\t\t<img data-recalc-dims=\"1\" decoding=\"async\" src=\"https:\/\/i0.wp.com\/oldnewbox.com\/wp-content\/uploads\/elementor\/thumbs\/PATREON_Lockup_Horizontal_BLACK_RGB-r5zr5oqno7v9x4jvhvvozm4r06djqzsjt0x3n8iyr8.png?w=800&#038;ssl=1\" title=\"PATREON_Lockup_Horizontal_BLACK_RGB\" alt=\"PATREON_Lockup_Horizontal_BLACK_RGB\" loading=\"lazy\" \/>\t\t\t\t\t\t\t\t\t\t\t\t\t\t\t<\/div>\n\t\t\t\t<\/div>\n\t\t\t\t<div class=\"elementor-element elementor-element-7cb42de elementor-align-left elementor-mobile-align-center elementor-widget elementor-widget-button\" data-id=\"7cb42de\" data-element_type=\"widget\" data-e-type=\"widget\" data-widget_type=\"button.default\">\n\t\t\t\t<div class=\"elementor-widget-container\">\n\t\t\t\t\t\t\t\t\t<div class=\"elementor-button-wrapper\">\n\t\t\t\t\t<a class=\"elementor-button elementor-button-link elementor-size-sm\" href=\"http:\/\/patreon.com\/oldnewbox\" target=\"_blank\">\n\t\t\t\t\t\t<span class=\"elementor-button-content-wrapper\">\n\t\t\t\t\t\t\t\t\t<span class=\"elementor-button-text\">Support in $ (Dollar)<\/span>\n\t\t\t\t\t<\/span>\n\t\t\t\t\t<\/a>\n\t\t\t\t<\/div>\n\t\t\t\t\t\t\t\t<\/div>\n\t\t\t\t<\/div>\n\t\t\t\t\t<\/div>\n\t\t<\/div>\n\t\t\t\t\t<\/div>\n\t\t<\/section>\n\t\t\t\t<\/div>","protected":false},"excerpt":{"rendered":"<p>Este projeto disponibiliza todo o seu conte\u00fado principal de gra\u00e7a, a fim de dar acesso ao maior n\u00famero de interessados pelo tema. Entretanto, nosso desenvolvimento exige alguns custos de produ\u00e7\u00e3o. Desta forma, atrav\u00e9s das plataformas de financiamento coletivo voc\u00ea pode se tornar um apoiador, sustentando nossa produ\u00e7\u00e3o e ainda recebendo conte\u00fados exclusivos, como: Acesso \u00e0 [&hellip;]<\/p>\n","protected":false},"author":248911755,"featured_media":0,"parent":0,"menu_order":0,"comment_status":"closed","ping_status":"closed","template":"","meta":{"_crdt_document":"","advanced_seo_description":"","jetpack_seo_html_title":"","jetpack_seo_noindex":false,"footnotes":""},"categories":[],"tags":[],"folder":[773006],"class_list":["post-35","page","type-page","status-publish","hentry"],"jetpack_likes_enabled":true,"jetpack_sharing_enabled":true,"jetpack_shortlink":"https:\/\/wp.me\/PfFEaZ-z","jetpack-related-posts":[],"_links":{"self":[{"href":"https:\/\/oldnewbox.com\/en\/wp-json\/wp\/v2\/pages\/35","targetHints":{"allow":["GET"]}}],"collection":[{"href":"https:\/\/oldnewbox.com\/en\/wp-json\/wp\/v2\/pages"}],"about":[{"href":"https:\/\/oldnewbox.com\/en\/wp-json\/wp\/v2\/types\/page"}],"author":[{"embeddable":true,"href":"https:\/\/oldnewbox.com\/en\/wp-json\/wp\/v2\/users\/248911755"}],"replies":[{"embeddable":true,"href":"https:\/\/oldnewbox.com\/en\/wp-json\/wp\/v2\/comments?post=35"}],"version-history":[{"count":100,"href":"https:\/\/oldnewbox.com\/en\/wp-json\/wp\/v2\/pages\/35\/revisions"}],"predecessor-version":[{"id":3518,"href":"https:\/\/oldnewbox.com\/en\/wp-json\/wp\/v2\/pages\/35\/revisions\/3518"}],"wp:attachment":[{"href":"https:\/\/oldnewbox.com\/en\/wp-json\/wp\/v2\/media?parent=35"}],"wp:term":[{"taxonomy":"category","embeddable":true,"href":"https:\/\/oldnewbox.com\/en\/wp-json\/wp\/v2\/categories?post=35"},{"taxonomy":"post_tag","embeddable":true,"href":"https:\/\/oldnewbox.com\/en\/wp-json\/wp\/v2\/tags?post=35"},{"taxonomy":"folder","embeddable":true,"href":"https:\/\/oldnewbox.com\/en\/wp-json\/wp\/v2\/folder?post=35"}],"curies":[{"name":"wp","href":"https:\/\/api.w.org\/{rel}","templated":true}]}}